{"id":1510,"date":"2024-09-09T21:54:49","date_gmt":"2024-09-09T21:54:49","guid":{"rendered":"https:\/\/www.turkiye-tours.com\/?page_id=1510"},"modified":"2024-10-13T20:07:11","modified_gmt":"2024-10-13T20:07:11","slug":"bosphorus-cruise-istanbul","status":"publish","type":"page","link":"https:\/\/www.turkiye-tours.com\/index.php\/explore-istanbul\/bosphorus-cruise-istanbul\/","title":{"rendered":"Bosphorus Cruise Istanbul"},"content":{"rendered":"\t\t<div data-elementor-type=\"wp-page\" data-elementor-id=\"1510\" class=\"elementor elementor-1510\">\n\t\t\t\t\t\t<section class=\"elementor-section elementor-top-section elementor-element elementor-element-62af0be elementor-section-boxed elementor-section-height-default elementor-section-height-default row-top\" data-id=\"62af0be\" data-element_type=\"section\">\n\t\t\t\t\t\t<div class=\"elementor-container elementor-column-gap-default\">\n\t\t\t\t\t<div class=\"elementor-column elementor-col-100 elementor-top-column elementor-element elementor-element-0795ee4\" data-id=\"0795ee4\" data-element_type=\"column\">\n\t\t\t<div class=\"elementor-widget-wrap elementor-element-populated\">\n\t\t\t\t\t\t<div class=\"elementor-element elementor-element-92a4953 elementor-widget__width-inherit elementor-widget elementor-widget-image\" data-id=\"92a4953\" data-element_type=\"widget\" data-widget_type=\"image.default\">\n\t\t\t\t<div class=\"elementor-widget-container\">\n\t\t\t\t\t\t\t\t\t\t\t\t\t\t\t<img fetchpriority=\"high\" decoding=\"async\" width=\"1326\" height=\"250\" src=\"https:\/\/www.turkiye-tours.com\/wp-content\/uploads\/2024\/10\/Bosphorus-Cruise.jpg\" class=\"attachment-full size-full wp-image-1593\" alt=\"\" srcset=\"https:\/\/www.turkiye-tours.com\/wp-content\/uploads\/2024\/10\/Bosphorus-Cruise.jpg 1326w, https:\/\/www.turkiye-tours.com\/wp-content\/uploads\/2024\/10\/Bosphorus-Cruise-1024x193.jpg 1024w, https:\/\/www.turkiye-tours.com\/wp-content\/uploads\/2024\/10\/Bosphorus-Cruise-768x145.jpg 768w\" sizes=\"(max-width: 1326px) 100vw, 1326px\" \/>\t\t\t\t\t\t\t\t\t\t\t\t\t\t\t<\/div>\n\t\t\t\t<\/div>\n\t\t\t\t\t<\/div>\n\t\t<\/div>\n\t\t\t\t\t<\/div>\n\t\t<\/section>\n\t\t\t\t<section class=\"elementor-section elementor-top-section elementor-element elementor-element-c2ba7d6 elementor-section-boxed elementor-section-height-default elementor-section-height-default row-top\" data-id=\"c2ba7d6\" data-element_type=\"section\">\n\t\t\t\t\t\t<div class=\"elementor-container elementor-column-gap-default\">\n\t\t\t\t\t<div class=\"elementor-column elementor-col-100 elementor-top-column elementor-element elementor-element-cc24d70\" data-id=\"cc24d70\" data-element_type=\"column\">\n\t\t\t<div class=\"elementor-widget-wrap elementor-element-populated\">\n\t\t\t\t\t\t<div class=\"elementor-element elementor-element-98a9620 elementor-widget elementor-widget-text-editor\" data-id=\"98a9620\" data-element_type=\"widget\" data-widget_type=\"text-editor.default\">\n\t\t\t\t<div class=\"elementor-widget-container\">\n\t\t\t\t\t\t\t\t\t<h1 style=\"text-align: center;\"><strong>Bosphorus Dinner Cruise with Turkish Show<\/strong><\/h1><p>Highlights<\/p><ul><li>Admire the beauty of Istanbul on this 3-hour cruise along the Bosphorus with entertainment and dinner.<\/li><li>Spot iconic Byzantine &amp; Ottoman Empire attractions such as the medieval Topkapi Palace, Dolmabah\u00e7e Palace, Galata Tower, and Bosphorus Bridge.<\/li><li>Indulge in a 4-course Turkish meal and sip on unlimited soft drinks as you gaze out at the picturesque city, lit up in the golden light of the setting sun.<\/li><li>Dance to the tunes of an onboard DJ, watch belly dancing, and dervish dance, seated in VIP for prime seating by the stage with private, reserved tables without mixing with other guests!<\/li><li>Enjoy pick-up and drop-off in an AC coach and\/or unlimited alcoholic beverages by upgrading your ticket.<\/li><\/ul><p>Inclusions<\/p><p>Inclusions<\/p><ul><li>3-hour Bosphorus cruise<\/li><li>4-course Turkish dinner<\/li><li>Live entertainment and DJ<\/li><li>Unlimited soft drinks<\/li><li>Free Wi-Fi on board<\/li><li>Unlimited alcoholic beverages (optional)<\/li><li>Round-trip hotel transfers from centrally located hotels (optional)<\/li><li>Transport by air-conditioned coach (optional)<\/li><\/ul><p>Exclusions<\/p><ul><li>Imported drinks<\/li><\/ul><p>Itinerary<\/p><ul><li>Duration: 3 hours<\/li><li>Start Point &amp; End Point: Kabatas Pier<\/li><li>What will you see: Galata Tower | Dolmabahce Palace | Ciragan Palace| Ortak\u00f6y Mosque | Bosphorus Bridge | Beylerbeyi Palace | \u00dcsk\u00fcdar | Maiden Tower | Topkapi Palace | Hagia Sophia | Seaside Villas<\/li><\/ul><p>Boarding Point<\/p><ul><li>Board your cruise at Kabata\u015f Bosphorus Tour Point<\/li><\/ul><p>Need to Know<\/p><ul><li>Tip: The best time to go on a Bosphorus Cruise is between April and September. During this period, the weather is pleasant and the humidity is bearable.<\/li><li>This experience is weather-dependent. An alternative date or a full refund is provided if the activity is canceled due to inclement weather.<\/li><li>Facilities: Wheelchair Accessibility, Pram\/Stroller Accessibility<\/li><li>Dietary needs such as vegetarian, pescetarian, and halal can be accommodated.<\/li><\/ul><h1 style=\"text-align: center;\">\u00a0<\/h1>\t\t\t\t\t\t\t\t<\/div>\n\t\t\t\t<\/div>\n\t\t\t\t\t<\/div>\n\t\t<\/div>\n\t\t\t\t\t<\/div>\n\t\t<\/section>\n\t\t\t\t<section class=\"elementor-section elementor-top-section elementor-element elementor-element-6557349 elementor-section-boxed elementor-section-height-default elementor-section-height-default row-top\" data-id=\"6557349\" data-element_type=\"section\">\n\t\t\t\t\t\t<div class=\"elementor-container elementor-column-gap-default\">\n\t\t\t\t\t<div class=\"elementor-column elementor-col-100 elementor-top-column elementor-element elementor-element-b8bc58c\" data-id=\"b8bc58c\" data-element_type=\"column\">\n\t\t\t<div class=\"elementor-widget-wrap elementor-element-populated\">\n\t\t\t\t\t\t<div class=\"elementor-element elementor-element-c659d72 elementor-widget__width-inherit elementor-widget elementor-widget-image\" data-id=\"c659d72\" data-element_type=\"widget\" data-widget_type=\"image.default\">\n\t\t\t\t<div class=\"elementor-widget-container\">\n\t\t\t\t\t\t\t\t\t\t\t\t\t\t\t<img decoding=\"async\" width=\"663\" height=\"119\" src=\"https:\/\/www.turkiye-tours.com\/wp-content\/uploads\/2024\/10\/bellydance.jpg\" class=\"attachment-full size-full wp-image-1597\" alt=\"\" \/>\t\t\t\t\t\t\t\t\t\t\t\t\t\t\t<\/div>\n\t\t\t\t<\/div>\n\t\t\t\t\t<\/div>\n\t\t<\/div>\n\t\t\t\t\t<\/div>\n\t\t<\/section>\n\t\t\t\t<\/div>\n\t\t","protected":false},"excerpt":{"rendered":"<p>Bosphorus Dinner Cruise with Turkish Show Highlights Admire the beauty of Istanbul on this 3-hour cruise along the Bosphorus with entertainment and dinner. Spot iconic Byzantine &amp; Ottoman Empire attractions [&hellip;]<\/p>\n","protected":false},"author":1,"featured_media":0,"parent":209,"menu_order":0,"comment_status":"closed","ping_status":"closed","template":"","meta":{"_price":"","_stock":"","_tribe_ticket_header":"","_tribe_default_ticket_provider":"","_tribe_ticket_capacity":"0","_ticket_start_date":"","_ticket_end_date":"","_tribe_ticket_show_description":"","_tribe_ticket_show_not_going":false,"_tribe_ticket_use_global_stock":"","_tribe_ticket_global_stock_level":"","_global_stock_mode":"","_global_stock_cap":"","_tribe_rsvp_for_event":"","_tribe_ticket_going_count":"","_tribe_ticket_not_going_count":"","_tribe_tickets_list":"[]","_tribe_ticket_has_attendee_info_fields":false,"footnotes":"","_tec_slr_enabled":"","_tec_slr_layout":""},"class_list":["post-1510","page","type-page","status-publish","hentry"],"ticketed":false,"_links":{"self":[{"href":"https:\/\/www.turkiye-tours.com\/index.php\/wp-json\/wp\/v2\/pages\/1510"}],"collection":[{"href":"https:\/\/www.turkiye-tours.com\/index.php\/wp-json\/wp\/v2\/pages"}],"about":[{"href":"https:\/\/www.turkiye-tours.com\/index.php\/wp-json\/wp\/v2\/types\/page"}],"author":[{"embeddable":true,"href":"https:\/\/www.turkiye-tours.com\/index.php\/wp-json\/wp\/v2\/users\/1"}],"replies":[{"embeddable":true,"href":"https:\/\/www.turkiye-tours.com\/index.php\/wp-json\/wp\/v2\/comments?post=1510"}],"version-history":[{"count":10,"href":"https:\/\/www.turkiye-tours.com\/index.php\/wp-json\/wp\/v2\/pages\/1510\/revisions"}],"predecessor-version":[{"id":1603,"href":"https:\/\/www.turkiye-tours.com\/index.php\/wp-json\/wp\/v2\/pages\/1510\/revisions\/1603"}],"up":[{"embeddable":true,"href":"https:\/\/www.turkiye-tours.com\/index.php\/wp-json\/wp\/v2\/pages\/209"}],"wp:attachment":[{"href":"https:\/\/www.turkiye-tours.com\/index.php\/wp-json\/wp\/v2\/media?parent=1510"}],"curies":[{"name":"wp","href":"https:\/\/api.w.org\/{rel}","templated":true}]}}